{"id":170,"date":"2024-02-26T09:49:29","date_gmt":"2024-02-26T09:49:29","guid":{"rendered":"https:\/\/tendedasole-lucca.it\/?page_id=170"},"modified":"2024-07-27T10:16:07","modified_gmt":"2024-07-27T10:16:07","slug":"contatti","status":"publish","type":"page","link":"https:\/\/tendedasole-lucca.it\/index.php\/contatti\/","title":{"rendered":"Contatti"},"content":{"rendered":"<p>[et_pb_section fb_built=&#8221;1&#8243; fullwidth=&#8221;on&#8221; admin_label=&#8221;Header&#8221; _builder_version=&#8221;4.16&#8243; custom_padding=&#8221;0px|0|0px|0px|false|false&#8221; top_divider_style=&#8221;arrow3&#8243; top_divider_color=&#8221;rgba(255,255,255,0.3)&#8221; top_divider_height=&#8221;100%&#8221; top_divider_repeat=&#8221;2x&#8221; bottom_divider_color=&#8221;rgba(255,255,255,0.33)&#8221; bottom_divider_height=&#8221;500px&#8221; global_colors_info=&#8221;{}&#8221;][et_pb_fullwidth_header title=&#8221;Contattaci&#8221; subhead=&#8221;Attrezzalesterno \u00e8 qui per te&#8221; text_orientation=&#8221;center&#8221; content_max_width=&#8221;70%&#8221; content_max_width_tablet=&#8221;100%&#8221; content_max_width_phone=&#8221;&#8221; content_max_width_last_edited=&#8221;on|phone&#8221; _builder_version=&#8221;4.20.4&#8243; title_font=&#8221;Cormorant Garamond|500|||||||&#8221; title_font_size=&#8221;5vw&#8221; title_line_height=&#8221;1.5em&#8221; content_font=&#8221;||||||||&#8221; subhead_font=&#8221;Poppins|700||on|||||&#8221; subhead_font_size=&#8221;16px&#8221; subhead_letter_spacing=&#8221;15px&#8221; subhead_line_height=&#8221;2em&#8221; background_color=&#8221;rgba(255,255,255,0)&#8221; background_image=&#8221;https:\/\/tendedasole-lucca.it\/wp-content\/uploads\/2024\/02\/resized_banner_1600x800.png&#8221; parallax=&#8221;on&#8221; parallax_method=&#8221;on&#8221; custom_button_one=&#8221;on&#8221; button_one_text_size=&#8221;14px&#8221; button_one_text_color=&#8221;#000000&#8243; button_one_bg_color=&#8221;#ffffff&#8221; button_one_border_width=&#8221;14px&#8221; button_one_border_color=&#8221;#ffffff&#8221; button_one_border_radius=&#8221;0px&#8221; button_one_letter_spacing=&#8221;4px&#8221; button_one_font=&#8221;Poppins|500||on|||||&#8221; custom_margin=&#8221;||||false&#8221; custom_padding=&#8221;10vw||10vw||true&#8221; title_font_size_tablet=&#8221;40px&#8221; title_font_size_phone=&#8221;&#8221; title_font_size_last_edited=&#8221;on|desktop&#8221; subhead_font_size_tablet=&#8221;40px&#8221; subhead_font_size_last_edited=&#8221;off|desktop&#8221; subhead_letter_spacing_tablet=&#8221;&#8221; subhead_letter_spacing_phone=&#8221;0px&#8221; subhead_letter_spacing_last_edited=&#8221;on|phone&#8221; button_one_border_color_hover=&#8221;#ecd5c5&#8243; button_one_border_radius_hover=&#8221;0px&#8221; button_one_letter_spacing_hover=&#8221;4px&#8221; button_one_bg_color_hover=&#8221;#ecd5c5&#8243; global_colors_info=&#8221;{}&#8221; button_one_text_size__hover_enabled=&#8221;off&#8221; button_two_text_size__hover_enabled=&#8221;off&#8221; button_one_text_color__hover_enabled=&#8221;off&#8221; button_two_text_color__hover_enabled=&#8221;off&#8221; button_one_border_width__hover_enabled=&#8221;off&#8221; button_two_border_width__hover_enabled=&#8221;off&#8221; button_one_border_color__hover_enabled=&#8221;on&#8221; button_one_border_color__hover=&#8221;#ecd5c5&#8243; button_two_border_color__hover_enabled=&#8221;off&#8221; button_one_border_radius__hover_enabled=&#8221;on&#8221; button_one_border_radius__hover=&#8221;0px&#8221; button_two_border_radius__hover_enabled=&#8221;off&#8221; button_one_letter_spacing__hover_enabled=&#8221;on&#8221; button_one_letter_spacing__hover=&#8221;4px&#8221; button_two_letter_spacing__hover_enabled=&#8221;off&#8221; button_one_bg_color__hover_enabled=&#8221;on&#8221; button_one_bg_color__hover=&#8221;#ecd5c5&#8243; button_two_bg_color__hover_enabled=&#8221;off&#8221;][\/et_pb_fullwidth_header][\/et_pb_section][et_pb_section fb_built=&#8221;1&#8243; admin_label=&#8221;Contact Info &#8221; _builder_version=&#8221;4.16&#8243; global_colors_info=&#8221;{}&#8221;][et_pb_row column_structure=&#8221;2_3,1_3&#8243; admin_label=&#8221;Contact Row&#8221; _builder_version=&#8221;4.16&#8243; global_colors_info=&#8221;{}&#8221;][et_pb_column type=&#8221;2_3&#8243; _builder_version=&#8221;4.16&#8243; custom_padding=&#8221;|||&#8221; global_colors_info=&#8221;{}&#8221; custom_padding__hover=&#8221;|||&#8221;][et_pb_contact_form email=&#8221;samuele.micheli72@yahoo.com&#8221; title=&#8221;Come possiamo aiutarti?&#8221; custom_message=&#8221;Richiesta contatto||et_pb_line_break_holder||||et_pb_line_break_holder||Nome: %%Name%%||et_pb_line_break_holder||Email: %%Email%%||et_pb_line_break_holder||Tema: %%Subject%%||et_pb_line_break_holder||Messaggio: %%Message%%&#8221; module_id=&#8221;et_pb_contact_form_0&#8243; _builder_version=&#8221;4.20.4&#8243; form_field_background_color=&#8221;rgba(0,0,0,0.03)&#8221; title_level=&#8221;h2&#8243; title_font=&#8221;Cormorant Garamond||||||||&#8221; title_font_size=&#8221;45px&#8221; title_line_height=&#8221;1.8em&#8221; form_field_font=&#8221;Poppins||||||||&#8221; form_field_font_size=&#8221;16px&#8221; custom_button=&#8221;on&#8221; button_text_size=&#8221;14px&#8221; button_text_color=&#8221;#ffffff&#8221; button_bg_color=&#8221;#c4beb9&#8243; button_border_width=&#8221;16px&#8221; button_border_color=&#8221;#c4beb9&#8243; button_border_radius=&#8221;0px&#8221; button_letter_spacing=&#8221;4px&#8221; button_font=&#8221;Poppins|||on|||||&#8221; form_background_color=&#8221;rgba(0,0,0,0.03)&#8221; global_colors_info=&#8221;{}&#8221;][et_pb_contact_field field_id=&#8221;Name&#8221; field_title=&#8221;Nome e Cognome&#8221; fullwidth_field=&#8221;on&#8221; _builder_version=&#8221;4.20.4&#8243; global_colors_info=&#8221;{}&#8221; button_text_size__hover_enabled=&#8221;off&#8221; button_one_text_size__hover_enabled=&#8221;off&#8221; button_two_text_size__hover_enabled=&#8221;off&#8221; button_text_color__hover_enabled=&#8221;off&#8221; button_one_text_color__hover_enabled=&#8221;off&#8221; button_two_text_color__hover_enabled=&#8221;off&#8221; button_border_width__hover_enabled=&#8221;off&#8221; button_one_border_width__hover_enabled=&#8221;off&#8221; button_two_border_width__hover_enabled=&#8221;off&#8221; button_border_color__hover_enabled=&#8221;off&#8221; button_one_border_color__hover_enabled=&#8221;off&#8221; button_two_border_color__hover_enabled=&#8221;off&#8221; button_border_radius__hover_enabled=&#8221;off&#8221; button_one_border_radius__hover_enabled=&#8221;off&#8221; button_two_border_radius__hover_enabled=&#8221;off&#8221; button_letter_spacing__hover_enabled=&#8221;off&#8221; button_one_letter_spacing__hover_enabled=&#8221;off&#8221; button_two_letter_spacing__hover_enabled=&#8221;off&#8221; button_bg_color__hover_enabled=&#8221;off&#8221; button_one_bg_color__hover_enabled=&#8221;off&#8221; button_two_bg_color__hover_enabled=&#8221;off&#8221;][\/et_pb_contact_field][et_pb_contact_field field_id=&#8221;Email&#8221; field_title=&#8221;Email &#8221; field_type=&#8221;email&#8221; fullwidth_field=&#8221;on&#8221; _builder_version=&#8221;4.20.4&#8243; global_colors_info=&#8221;{}&#8221; button_text_size__hover_enabled=&#8221;off&#8221; button_one_text_size__hover_enabled=&#8221;off&#8221; button_two_text_size__hover_enabled=&#8221;off&#8221; button_text_color__hover_enabled=&#8221;off&#8221; button_one_text_color__hover_enabled=&#8221;off&#8221; button_two_text_color__hover_enabled=&#8221;off&#8221; button_border_width__hover_enabled=&#8221;off&#8221; button_one_border_width__hover_enabled=&#8221;off&#8221; button_two_border_width__hover_enabled=&#8221;off&#8221; button_border_color__hover_enabled=&#8221;off&#8221; button_one_border_color__hover_enabled=&#8221;off&#8221; button_two_border_color__hover_enabled=&#8221;off&#8221; button_border_radius__hover_enabled=&#8221;off&#8221; button_one_border_radius__hover_enabled=&#8221;off&#8221; button_two_border_radius__hover_enabled=&#8221;off&#8221; button_letter_spacing__hover_enabled=&#8221;off&#8221; button_one_letter_spacing__hover_enabled=&#8221;off&#8221; button_two_letter_spacing__hover_enabled=&#8221;off&#8221; button_bg_color__hover_enabled=&#8221;off&#8221; button_one_bg_color__hover_enabled=&#8221;off&#8221; button_two_bg_color__hover_enabled=&#8221;off&#8221;][\/et_pb_contact_field][et_pb_contact_field field_id=&#8221;Subject&#8221; field_title=&#8221;Tema della domanda&#8221; field_type=&#8221;email&#8221; fullwidth_field=&#8221;on&#8221; _builder_version=&#8221;4.20.4&#8243; global_colors_info=&#8221;{}&#8221; button_text_size__hover_enabled=&#8221;off&#8221; button_one_text_size__hover_enabled=&#8221;off&#8221; button_two_text_size__hover_enabled=&#8221;off&#8221; button_text_color__hover_enabled=&#8221;off&#8221; button_one_text_color__hover_enabled=&#8221;off&#8221; button_two_text_color__hover_enabled=&#8221;off&#8221; button_border_width__hover_enabled=&#8221;off&#8221; button_one_border_width__hover_enabled=&#8221;off&#8221; button_two_border_width__hover_enabled=&#8221;off&#8221; button_border_color__hover_enabled=&#8221;off&#8221; button_one_border_color__hover_enabled=&#8221;off&#8221; button_two_border_color__hover_enabled=&#8221;off&#8221; button_border_radius__hover_enabled=&#8221;off&#8221; button_one_border_radius__hover_enabled=&#8221;off&#8221; button_two_border_radius__hover_enabled=&#8221;off&#8221; button_letter_spacing__hover_enabled=&#8221;off&#8221; button_one_letter_spacing__hover_enabled=&#8221;off&#8221; button_two_letter_spacing__hover_enabled=&#8221;off&#8221; button_bg_color__hover_enabled=&#8221;off&#8221; button_one_bg_color__hover_enabled=&#8221;off&#8221; button_two_bg_color__hover_enabled=&#8221;off&#8221;][\/et_pb_contact_field][et_pb_contact_field field_id=&#8221;Message&#8221; field_title=&#8221;Scrivi qui&#8221; field_type=&#8221;text&#8221; fullwidth_field=&#8221;on&#8221; _builder_version=&#8221;4.20.4&#8243; global_colors_info=&#8221;{}&#8221; button_text_size__hover_enabled=&#8221;off&#8221; button_one_text_size__hover_enabled=&#8221;off&#8221; button_two_text_size__hover_enabled=&#8221;off&#8221; button_text_color__hover_enabled=&#8221;off&#8221; button_one_text_color__hover_enabled=&#8221;off&#8221; button_two_text_color__hover_enabled=&#8221;off&#8221; button_border_width__hover_enabled=&#8221;off&#8221; button_one_border_width__hover_enabled=&#8221;off&#8221; button_two_border_width__hover_enabled=&#8221;off&#8221; button_border_color__hover_enabled=&#8221;off&#8221; button_one_border_color__hover_enabled=&#8221;off&#8221; button_two_border_color__hover_enabled=&#8221;off&#8221; button_border_radius__hover_enabled=&#8221;off&#8221; button_one_border_radius__hover_enabled=&#8221;off&#8221; button_two_border_radius__hover_enabled=&#8221;off&#8221; button_letter_spacing__hover_enabled=&#8221;off&#8221; button_one_letter_spacing__hover_enabled=&#8221;off&#8221; button_two_letter_spacing__hover_enabled=&#8221;off&#8221; button_bg_color__hover_enabled=&#8221;off&#8221; button_one_bg_color__hover_enabled=&#8221;off&#8221; button_two_bg_color__hover_enabled=&#8221;off&#8221;][\/et_pb_contact_field][\/et_pb_contact_form][\/et_pb_column][et_pb_column type=&#8221;1_3&#8243; _builder_version=&#8221;4.16&#8243; custom_padding=&#8221;|||6%&#8221; custom_padding_tablet=&#8221;0px|||&#8221; custom_padding_last_edited=&#8221;off|desktop&#8221; global_colors_info=&#8221;{}&#8221; custom_padding__hover=&#8221;|||&#8221;][et_pb_text admin_label=&#8221;Title &#038; Paragraph&#8221; _builder_version=&#8221;4.20.4&#8243; text_font=&#8221;Poppins||||||||&#8221; text_line_height=&#8221;1.8em&#8221; link_font=&#8221;||||||||&#8221; link_text_color=&#8221;#f28560&#8243; ul_font=&#8221;||||||||&#8221; header_font=&#8221;||||||||&#8221; header_2_font=&#8221;||||||||&#8221; header_3_font=&#8221;Cormorant Garamond||||||||&#8221; header_3_font_size=&#8221;45px&#8221; header_3_line_height=&#8221;1.5em&#8221; header_4_font=&#8221;||||||||&#8221; max_width_tablet=&#8221;100%&#8221; max_width_phone=&#8221;100%&#8221; max_width_last_edited=&#8221;on|desktop&#8221; module_alignment=&#8221;right&#8221; custom_margin=&#8221;|||&#8221; global_colors_info=&#8221;{}&#8221;]<\/p>\n<h3>Come trovarci<\/h3>\n<p>Via Vecchi Pardini 118, 55100 Lucca<\/p>\n<p>michelisamuele@live.it<\/p>\n<p>Tel. 320 2639741<\/p>\n<p>[\/et_pb_text][et_pb_text admin_label=&#8221;Title &#038; Paragraph&#8221; _builder_version=&#8221;4.20.4&#8243; text_font=&#8221;Poppins||||||||&#8221; text_line_height=&#8221;1.8em&#8221; link_font=&#8221;||||||||&#8221; link_text_color=&#8221;#f28560&#8243; ul_font=&#8221;||||||||&#8221; header_font=&#8221;||||||||&#8221; header_2_font=&#8221;||||||||&#8221; header_3_font=&#8221;Cormorant Garamond||||||||&#8221; header_3_font_size=&#8221;45px&#8221; header_3_line_height=&#8221;1.5em&#8221; header_4_font=&#8221;||||||||&#8221; max_width_tablet=&#8221;100%&#8221; max_width_phone=&#8221;100%&#8221; max_width_last_edited=&#8221;on|desktop&#8221; module_alignment=&#8221;right&#8221; custom_margin=&#8221;|||&#8221; global_colors_info=&#8221;{}&#8221;]<\/p>\n<h3>Orario Ufficio<\/h3>\n<p>Luned\u00ec &#8211; Sabato: <br \/>8:30 &#8211; 18:00<\/p>\n<p>Domenica: Chiuso<\/p>\n<p>[\/et_pb_text][\/et_pb_column][\/et_pb_row][\/et_pb_section][et_pb_section fb_built=&#8221;1&#8243; fullwidth=&#8221;on&#8221; _builder_version=&#8221;4.20.4&#8243; hover_enabled=&#8221;0&#8243; global_colors_info=&#8221;{}&#8221; disabled_on=&#8221;on|on|on&#8221; disabled=&#8221;on&#8221; sticky_enabled=&#8221;0&#8243;][et_pb_fullwidth_code _builder_version=&#8221;4.20.4&#8243; _module_preset=&#8221;default&#8221; global_colors_info=&#8221;{}&#8221;]<iframe src=\"https:\/\/www.google.com\/maps\/embed?pb=!1m18!1m12!1m3!1d2877.3993863873657!2d10.481955676041583!3d43.847550039839376!2m3!1f0!2f0!3f0!3m2!1i1024!2i768!4f13.1!3m3!1m2!1s0x12d5837e071dbe63%3A0xfe64d7a3aa2910f7!2sAttrezzalesterno!5e0!3m2!1sit!2sit!4v1709467479486!5m2!1sit!2sit\" width=\"1920\" height=\"450\" style=\"border:0;\" allowfullscreen=\"\" loading=\"lazy\" referrerpolicy=\"no-referrer-when-downgrade\"><\/iframe>[\/et_pb_fullwidth_code][\/et_pb_section][et_pb_section fb_built=&#8221;1&#8243; admin_label=&#8221;Subscribe&#8221; _builder_version=&#8221;4.16&#8243; background_image=&#8221;https:\/\/tendedasole-lucca.it\/wp-content\/uploads\/2024\/02\/jeweler03.jpg&#8221; custom_padding=&#8221;100px|0px|100px|0px|true|false&#8221; saved_tabs=&#8221;all&#8221; global_colors_info=&#8221;{}&#8221;][et_pb_row column_structure=&#8221;1_4,1_2,1_4&#8243; use_custom_gutter=&#8221;on&#8221; admin_label=&#8221;Subscribe Row&#8221; module_class=&#8221; et_pb_row_fullwidth&#8221; _builder_version=&#8221;4.16&#8243; width=&#8221;89%&#8221; width_tablet=&#8221;80%&#8221; width_phone=&#8221;80%&#8221; width_last_edited=&#8221;on|desktop&#8221; max_width=&#8221;89%&#8221; max_width_tablet=&#8221;80%&#8221; max_width_phone=&#8221;80%&#8221; max_width_last_edited=&#8221;on|desktop&#8221; make_fullwidth=&#8221;on&#8221; global_colors_info=&#8221;{}&#8221;][et_pb_column type=&#8221;1_4&#8243; _builder_version=&#8221;4.16&#8243; custom_padding=&#8221;|||&#8221; global_colors_info=&#8221;{}&#8221; custom_padding__hover=&#8221;|||&#8221;][\/et_pb_column][et_pb_column type=&#8221;1_2&#8243; _builder_version=&#8221;4.16&#8243; custom_padding=&#8221;|||&#8221; global_colors_info=&#8221;{}&#8221; custom_padding__hover=&#8221;|||&#8221;][et_pb_text _builder_version=&#8221;4.20.4&#8243; _module_preset=&#8221;default&#8221; text_font=&#8221;|600|||||||&#8221; text_text_color=&#8221;#000000&#8243; text_font_size=&#8221;24px&#8221; global_colors_info=&#8221;{}&#8221;]<\/p>\n<p style=\"text-align: center;\">Iscrizione alla Newsletter<\/p>\n<p>[\/et_pb_text][et_pb_text _builder_version=&#8221;4.20.4&#8243; _module_preset=&#8221;default&#8221; text_font_size=&#8221;16px&#8221; text_letter_spacing=&#8221;1px&#8221; global_colors_info=&#8221;{}&#8221;]<\/p>\n<p style=\"text-align: center;\">Novit\u00e0, bonus, incentivi e promozioni. Iscrivendoti alla Newsletter riceverai a cadenza mensile sulla tua mail tutte le informazioni pi\u00f9 interessanti. Tranzuillo, non abbiamo n\u00e9 il tempo, n\u00e9 la volonta di tempestarti di pubblicit\u00e0.<\/p>\n<p>[\/et_pb_text][et_pb_contact_form email=&#8221;samuele.micheli72@yahoo.com&#8221; custom_message=&#8221;Iscrizione newsletter||et_pb_line_break_holder||||et_pb_line_break_holder||Email: %%Email%%&#8221; submit_button_text=&#8221;REGISTRATI&#8221; _builder_version=&#8221;4.20.4&#8243; _module_preset=&#8221;default&#8221; _unique_id=&#8221;e755eacc-bc9c-4cf2-a622-cc95a78a4337&#8243; title_level=&#8221;h3&#8243; title_font_size=&#8221;20px&#8221; custom_button=&#8221;on&#8221; button_text_size=&#8221;14px&#8221; button_text_color=&#8221;#FFFFFF&#8221; button_bg_color=&#8221;#0400F0&#8243; button_border_radius=&#8221;2px&#8221; button_letter_spacing=&#8221;6px&#8221; global_colors_info=&#8221;{}&#8221;][et_pb_contact_field field_id=&#8221;Email&#8221; field_title=&#8221;Indirizzo e-mail&#8221; field_type=&#8221;email&#8221; fullwidth_field=&#8221;on&#8221; _builder_version=&#8221;4.20.4&#8243; global_colors_info=&#8221;{}&#8221; button_text_size__hover_enabled=&#8221;off&#8221; button_one_text_size__hover_enabled=&#8221;off&#8221; button_two_text_size__hover_enabled=&#8221;off&#8221; button_text_color__hover_enabled=&#8221;off&#8221; button_one_text_color__hover_enabled=&#8221;off&#8221; button_two_text_color__hover_enabled=&#8221;off&#8221; button_border_width__hover_enabled=&#8221;off&#8221; button_one_border_width__hover_enabled=&#8221;off&#8221; button_two_border_width__hover_enabled=&#8221;off&#8221; button_border_color__hover_enabled=&#8221;off&#8221; button_one_border_color__hover_enabled=&#8221;off&#8221; button_two_border_color__hover_enabled=&#8221;off&#8221; button_border_radius__hover_enabled=&#8221;off&#8221; button_one_border_radius__hover_enabled=&#8221;off&#8221; button_two_border_radius__hover_enabled=&#8221;off&#8221; button_letter_spacing__hover_enabled=&#8221;off&#8221; button_one_letter_spacing__hover_enabled=&#8221;off&#8221; button_two_letter_spacing__hover_enabled=&#8221;off&#8221; button_bg_color__hover_enabled=&#8221;off&#8221; button_one_bg_color__hover_enabled=&#8221;off&#8221; button_two_bg_color__hover_enabled=&#8221;off&#8221;][\/et_pb_contact_field][\/et_pb_contact_form][et_pb_social_media_follow _builder_version=&#8221;4.20.4&#8243; text_orientation=&#8221;center&#8221; border_radii=&#8221;on|0px|0px|0px|0px&#8221; global_colors_info=&#8221;{}&#8221;][et_pb_social_media_follow_network social_network=&#8221;facebook&#8221; url=&#8221;https:\/\/www.facebook.com\/Tendedasolealucca&#8221; _builder_version=&#8221;4.20.4&#8243; background_color=&#8221;#1550a5&#8243; background_enable_color=&#8221;on&#8221; custom_margin=&#8221;|6px||6px|false|true&#8221; custom_padding=&#8221;10px|10px|10px|10px|true|true&#8221; border_radii=&#8221;on|0px|0px|0px|0px&#8221; global_colors_info=&#8221;{}&#8221; follow_button=&#8221;off&#8221; url_new_window=&#8221;on&#8221;]facebook[\/et_pb_social_media_follow_network][et_pb_social_media_follow_network social_network=&#8221;instagram&#8221; url=&#8221;https:\/\/www.instagram.com\/tendezanzariereinfissi\/&#8221; _builder_version=&#8221;4.20.4&#8243; background_color=&#8221;#1550a5&#8243; background_enable_color=&#8221;on&#8221; custom_margin=&#8221;|6px||6px|false|true&#8221; custom_padding=&#8221;10px|10px|10px|10px|true|true&#8221; border_radii=&#8221;on|0px|0px|0px|0px&#8221; global_colors_info=&#8221;{}&#8221; follow_button=&#8221;off&#8221; url_new_window=&#8221;on&#8221;]instagram[\/et_pb_social_media_follow_network][\/et_pb_social_media_follow][\/et_pb_column][et_pb_column type=&#8221;1_4&#8243; _builder_version=&#8221;4.16&#8243; custom_padding=&#8221;|||&#8221; global_colors_info=&#8221;{}&#8221; custom_padding__hover=&#8221;|||&#8221;][\/et_pb_column][\/et_pb_row][\/et_pb_section]<\/p>\n","protected":false},"excerpt":{"rendered":"<p>Come trovarci Via Vecchi Pardini 118, 55100 Lucca michelisamuele@live.it Tel. 320 2639741Orario Ufficio Luned\u00ec &#8211; Sabato: 8:30 &#8211; 18:00 Domenica: ChiusoIscrizione alla NewsletterNovit\u00e0, bonus, incentivi e promozioni. Iscrivendoti alla Newsletter riceverai a cadenza mensile sulla tua mail tutte le informazioni pi\u00f9 interessanti. Tranzuillo, non abbiamo n\u00e9 il tempo, n\u00e9 la volonta di tempestarti di pubblicit\u00e0.<\/p>\n","protected":false},"author":1,"featured_media":0,"parent":0,"menu_order":0,"comment_status":"closed","ping_status":"closed","template":"","meta":{"_et_pb_use_builder":"on","_et_pb_old_content":"","_et_gb_content_width":"","_themeisle_gutenberg_block_has_review":false,"footnotes":""},"class_list":["post-170","page","type-page","status-publish","hentry"],"yoast_head":"<!-- This site is optimized with the Yoast SEO plugin v25.8 - https:\/\/yoast.com\/wordpress\/plugins\/seo\/ -->\n<title>Contatti - Attrezzalesterno<\/title>\n<meta name=\"robots\" content=\"index, follow, max-snippet:-1, max-image-preview:large, max-video-preview:-1\" \/>\n<link rel=\"canonical\" href=\"https:\/\/tendedasole-lucca.it\/index.php\/contatti\/\" \/>\n<meta property=\"og:locale\" content=\"it_IT\" \/>\n<meta property=\"og:type\" content=\"article\" \/>\n<meta property=\"og:title\" content=\"Contatti - Attrezzalesterno\" \/>\n<meta property=\"og:description\" content=\"Come trovarci Via Vecchi Pardini 118, 55100 Lucca michelisamuele@live.it Tel. 320 2639741Orario Ufficio Luned\u00ec - Sabato: 8:30 - 18:00 Domenica: ChiusoIscrizione alla NewsletterNovit\u00e0, bonus, incentivi e promozioni. Iscrivendoti alla Newsletter riceverai a cadenza mensile sulla tua mail tutte le informazioni pi\u00f9 interessanti. Tranzuillo, non abbiamo n\u00e9 il tempo, n\u00e9 la volonta di tempestarti di pubblicit\u00e0.\" \/>\n<meta property=\"og:url\" content=\"https:\/\/tendedasole-lucca.it\/index.php\/contatti\/\" \/>\n<meta property=\"og:site_name\" content=\"Attrezzalesterno\" \/>\n<meta property=\"article:modified_time\" content=\"2024-07-27T10:16:07+00:00\" \/>\n<meta name=\"twitter:card\" content=\"summary_large_image\" \/>\n<meta name=\"twitter:label1\" content=\"Tempo di lettura stimato\" \/>\n\t<meta name=\"twitter:data1\" content=\"10 minuti\" \/>\n<script type=\"application\/ld+json\" class=\"yoast-schema-graph\">{\"@context\":\"https:\/\/schema.org\",\"@graph\":[{\"@type\":\"WebPage\",\"@id\":\"https:\/\/tendedasole-lucca.it\/index.php\/contatti\/\",\"url\":\"https:\/\/tendedasole-lucca.it\/index.php\/contatti\/\",\"name\":\"Contatti - Attrezzalesterno\",\"isPartOf\":{\"@id\":\"https:\/\/tendedasole-lucca.it\/#website\"},\"datePublished\":\"2024-02-26T09:49:29+00:00\",\"dateModified\":\"2024-07-27T10:16:07+00:00\",\"breadcrumb\":{\"@id\":\"https:\/\/tendedasole-lucca.it\/index.php\/contatti\/#breadcrumb\"},\"inLanguage\":\"it-IT\",\"potentialAction\":[{\"@type\":\"ReadAction\",\"target\":[\"https:\/\/tendedasole-lucca.it\/index.php\/contatti\/\"]}]},{\"@type\":\"BreadcrumbList\",\"@id\":\"https:\/\/tendedasole-lucca.it\/index.php\/contatti\/#breadcrumb\",\"itemListElement\":[{\"@type\":\"ListItem\",\"position\":1,\"name\":\"Home\",\"item\":\"https:\/\/tendedasole-lucca.it\/\"},{\"@type\":\"ListItem\",\"position\":2,\"name\":\"Contatti\"}]},{\"@type\":\"WebSite\",\"@id\":\"https:\/\/tendedasole-lucca.it\/#website\",\"url\":\"https:\/\/tendedasole-lucca.it\/\",\"name\":\"Attrezzalesterno\",\"description\":\"Tende da sole, zanzariere e molto altro\",\"potentialAction\":[{\"@type\":\"SearchAction\",\"target\":{\"@type\":\"EntryPoint\",\"urlTemplate\":\"https:\/\/tendedasole-lucca.it\/?s={search_term_string}\"},\"query-input\":{\"@type\":\"PropertyValueSpecification\",\"valueRequired\":true,\"valueName\":\"search_term_string\"}}],\"inLanguage\":\"it-IT\"}]}<\/script>\n<!-- \/ Yoast SEO plugin. -->","yoast_head_json":{"title":"Contatti - Attrezzalesterno","robots":{"index":"index","follow":"follow","max-snippet":"max-snippet:-1","max-image-preview":"max-image-preview:large","max-video-preview":"max-video-preview:-1"},"canonical":"https:\/\/tendedasole-lucca.it\/index.php\/contatti\/","og_locale":"it_IT","og_type":"article","og_title":"Contatti - Attrezzalesterno","og_description":"Come trovarci Via Vecchi Pardini 118, 55100 Lucca michelisamuele@live.it Tel. 320 2639741Orario Ufficio Luned\u00ec - Sabato: 8:30 - 18:00 Domenica: ChiusoIscrizione alla NewsletterNovit\u00e0, bonus, incentivi e promozioni. Iscrivendoti alla Newsletter riceverai a cadenza mensile sulla tua mail tutte le informazioni pi\u00f9 interessanti. Tranzuillo, non abbiamo n\u00e9 il tempo, n\u00e9 la volonta di tempestarti di pubblicit\u00e0.","og_url":"https:\/\/tendedasole-lucca.it\/index.php\/contatti\/","og_site_name":"Attrezzalesterno","article_modified_time":"2024-07-27T10:16:07+00:00","twitter_card":"summary_large_image","twitter_misc":{"Tempo di lettura stimato":"10 minuti"},"schema":{"@context":"https:\/\/schema.org","@graph":[{"@type":"WebPage","@id":"https:\/\/tendedasole-lucca.it\/index.php\/contatti\/","url":"https:\/\/tendedasole-lucca.it\/index.php\/contatti\/","name":"Contatti - Attrezzalesterno","isPartOf":{"@id":"https:\/\/tendedasole-lucca.it\/#website"},"datePublished":"2024-02-26T09:49:29+00:00","dateModified":"2024-07-27T10:16:07+00:00","breadcrumb":{"@id":"https:\/\/tendedasole-lucca.it\/index.php\/contatti\/#breadcrumb"},"inLanguage":"it-IT","potentialAction":[{"@type":"ReadAction","target":["https:\/\/tendedasole-lucca.it\/index.php\/contatti\/"]}]},{"@type":"BreadcrumbList","@id":"https:\/\/tendedasole-lucca.it\/index.php\/contatti\/#breadcrumb","itemListElement":[{"@type":"ListItem","position":1,"name":"Home","item":"https:\/\/tendedasole-lucca.it\/"},{"@type":"ListItem","position":2,"name":"Contatti"}]},{"@type":"WebSite","@id":"https:\/\/tendedasole-lucca.it\/#website","url":"https:\/\/tendedasole-lucca.it\/","name":"Attrezzalesterno","description":"Tende da sole, zanzariere e molto altro","potentialAction":[{"@type":"SearchAction","target":{"@type":"EntryPoint","urlTemplate":"https:\/\/tendedasole-lucca.it\/?s={search_term_string}"},"query-input":{"@type":"PropertyValueSpecification","valueRequired":true,"valueName":"search_term_string"}}],"inLanguage":"it-IT"}]}},"_links":{"self":[{"href":"https:\/\/tendedasole-lucca.it\/index.php\/wp-json\/wp\/v2\/pages\/170","targetHints":{"allow":["GET"]}}],"collection":[{"href":"https:\/\/tendedasole-lucca.it\/index.php\/wp-json\/wp\/v2\/pages"}],"about":[{"href":"https:\/\/tendedasole-lucca.it\/index.php\/wp-json\/wp\/v2\/types\/page"}],"author":[{"embeddable":true,"href":"https:\/\/tendedasole-lucca.it\/index.php\/wp-json\/wp\/v2\/users\/1"}],"replies":[{"embeddable":true,"href":"https:\/\/tendedasole-lucca.it\/index.php\/wp-json\/wp\/v2\/comments?post=170"}],"version-history":[{"count":6,"href":"https:\/\/tendedasole-lucca.it\/index.php\/wp-json\/wp\/v2\/pages\/170\/revisions"}],"predecessor-version":[{"id":354,"href":"https:\/\/tendedasole-lucca.it\/index.php\/wp-json\/wp\/v2\/pages\/170\/revisions\/354"}],"wp:attachment":[{"href":"https:\/\/tendedasole-lucca.it\/index.php\/wp-json\/wp\/v2\/media?parent=170"}],"curies":[{"name":"wp","href":"https:\/\/api.w.org\/{rel}","templated":true}]}}